{"id":403,"date":"2022-01-27T12:51:22","date_gmt":"2022-01-27T12:51:22","guid":{"rendered":"https:\/\/didom-renova.ch\/?page_id=403"},"modified":"2022-02-12T14:59:19","modified_gmt":"2022-02-12T14:59:19","slug":"didom-renova-2","status":"publish","type":"page","link":"https:\/\/didom-renova.ch\/index.php\/didom-renova-2\/","title":{"rendered":"DiDom Renova"},"content":{"rendered":"\t\t<div data-elementor-type=\"wp-page\" data-elementor-id=\"403\" class=\"elementor elementor-403\" data-elementor-settings=\"[]\">\n\t\t\t\t\t\t\t<div class=\"elementor-section-wrap\">\n\t\t\t\t\t\t\t<section class=\"elementor-section elementor-top-section elementor-element elementor-element-71a0a74 elementor-section-boxed elementor-section-height-default elementor-section-height-default\" data-id=\"71a0a74\" data-element_type=\"section\">\n\t\t\t\t\t\t<div class=\"elementor-container elementor-column-gap-default\">\n\t\t\t\t\t<div class=\"elementor-column elementor-col-50 elementor-top-column elementor-element elementor-element-add271d\" data-id=\"add271d\" data-element_type=\"column\">\n\t\t\t<div class=\"elementor-widget-wrap elementor-element-populated\">\n\t\t\t\t\t\t\t\t<div class=\"elementor-element elementor-element-7e446af elementor-widget elementor-widget-spacer\" data-id=\"7e446af\" data-element_type=\"widget\" data-widget_type=\"spacer.default\">\n\t\t\t\t<div class=\"elementor-widget-container\">\n\t\t\t\t\t<div class=\"elementor-spacer\">\n\t\t\t<div class=\"elementor-spacer-inner\"><\/div>\n\t\t<\/div>\n\t\t\t\t<\/div>\n\t\t\t\t<\/div>\n\t\t\t\t<div class=\"elementor-element elementor-element-f5fd494 elementor-widget elementor-widget-heading\" data-id=\"f5fd494\" data-element_type=\"widget\" data-widget_type=\"heading.default\">\n\t\t\t\t<div class=\"elementor-widget-container\">\n\t\t\t<h2 class=\"elementor-heading-title elementor-size-default\">DiDom Umbau &amp; Renovation<\/h2>\t\t<\/div>\n\t\t\t\t<\/div>\n\t\t\t\t<div class=\"elementor-element elementor-element-6f3c5f9 elementor-widget elementor-widget-text-editor\" data-id=\"6f3c5f9\" data-element_type=\"widget\" data-widget_type=\"text-editor.default\">\n\t\t\t\t<div class=\"elementor-widget-container\">\n\t\t\t\t\t\t\t<h3>Ob Umbau oder Sanierung.<\/h3><div>Manchmal bewirken schon kleine Ver\u00e4nderungen Grosses.<br \/>Wir holen auch auf kleinstem Raum das Beste raus. Sehen Sie eine<br \/>Umgestaltung Ihres Zuhauses als eine Chance f\u00fcr eine neue Wohlf\u00fchlzone.<\/div><p>\u00a0<\/p><p>Mit unserer pers\u00f6nlichen, flexiblen und kreativen Art finden wir die passende L\u00f6sung f\u00fcr Ihrem Budget.<\/p><p>\u00a0<\/p>\t\t\t\t\t\t<\/div>\n\t\t\t\t<\/div>\n\t\t\t\t\t<\/div>\n\t\t<\/div>\n\t\t\t\t<div class=\"elementor-column elementor-col-50 elementor-top-column elementor-element elementor-element-a2af055\" data-id=\"a2af055\" data-element_type=\"column\">\n\t\t\t<div class=\"elementor-widget-wrap elementor-element-populated\">\n\t\t\t\t\t\t\t\t<div class=\"elementor-element elementor-element-f1ab27c elementor-widget elementor-widget-image\" data-id=\"f1ab27c\" data-element_type=\"widget\" data-widget_type=\"image.default\">\n\t\t\t\t<div class=\"elementor-widget-container\">\n\t\t\t\t\t\t\t\t\t\t\t\t\t\t\t<img width=\"768\" height=\"1024\" src=\"https:\/\/didom-renova.ch\/wp-content\/uploads\/2022\/01\/WhatsApp-Image-2022-01-26-at-18.07.19-768x1024.jpeg\" class=\"attachment-large size-large\" alt=\"\" loading=\"lazy\" srcset=\"https:\/\/didom-renova.ch\/wp-content\/uploads\/2022\/01\/WhatsApp-Image-2022-01-26-at-18.07.19-768x1024.jpeg 768w, https:\/\/didom-renova.ch\/wp-content\/uploads\/2022\/01\/WhatsApp-Image-2022-01-26-at-18.07.19-225x300.jpeg 225w, https:\/\/didom-renova.ch\/wp-content\/uploads\/2022\/01\/WhatsApp-Image-2022-01-26-at-18.07.19-1152x1536.jpeg 1152w, https:\/\/didom-renova.ch\/wp-content\/uploads\/2022\/01\/WhatsApp-Image-2022-01-26-at-18.07.19.jpeg 1536w\" sizes=\"(max-width: 768px) 100vw, 768px\" \/>\t\t\t\t\t\t\t\t\t\t\t\t\t\t\t<\/div>\n\t\t\t\t<\/div>\n\t\t\t\t\t<\/div>\n\t\t<\/div>\n\t\t\t\t\t\t\t<\/div>\n\t\t<\/section>\n\t\t\t\t<section class=\"elementor-section elementor-top-section elementor-element elementor-element-e45dcec elementor-section-boxed elementor-section-height-default elementor-section-height-default\" data-id=\"e45dcec\" data-element_type=\"section\">\n\t\t\t\t\t\t<div class=\"elementor-container elementor-column-gap-default\">\n\t\t\t\t\t<div class=\"elementor-column elementor-col-100 elementor-top-column elementor-element elementor-element-ca1a3a6\" data-id=\"ca1a3a6\" data-element_type=\"column\">\n\t\t\t<div class=\"elementor-widget-wrap elementor-element-populated\">\n\t\t\t\t\t\t\t\t<div class=\"elementor-element elementor-element-e4e3850 elementor-widget elementor-widget-spacer\" data-id=\"e4e3850\" data-element_type=\"widget\" data-widget_type=\"spacer.default\">\n\t\t\t\t<div class=\"elementor-widget-container\">\n\t\t\t\t\t<div class=\"elementor-spacer\">\n\t\t\t<div class=\"elementor-spacer-inner\"><\/div>\n\t\t<\/div>\n\t\t\t\t<\/div>\n\t\t\t\t<\/div>\n\t\t\t\t\t<\/div>\n\t\t<\/div>\n\t\t\t\t\t\t\t<\/div>\n\t\t<\/section>\n\t\t\t\t<section class=\"elementor-section elementor-top-section elementor-element elementor-element-cf99e82 elementor-section-stretched elementor-section-boxed elementor-section-height-default elementor-section-height-default\" data-id=\"cf99e82\" data-element_type=\"section\" data-settings=\"{&quot;stretch_section&quot;:&quot;section-stretched&quot;,&quot;background_background&quot;:&quot;classic&quot;}\">\n\t\t\t\t\t\t<div class=\"elementor-container elementor-column-gap-default\">\n\t\t\t\t\t<div class=\"elementor-column elementor-col-50 elementor-top-column elementor-element elementor-element-dd93da6\" data-id=\"dd93da6\" data-element_type=\"column\">\n\t\t\t<div class=\"elementor-widget-wrap elementor-element-populated\">\n\t\t\t\t\t\t\t\t<div class=\"elementor-element elementor-element-52ac27f elementor-widget elementor-widget-spacer\" data-id=\"52ac27f\" data-element_type=\"widget\" data-widget_type=\"spacer.default\">\n\t\t\t\t<div class=\"elementor-widget-container\">\n\t\t\t\t\t<div class=\"elementor-spacer\">\n\t\t\t<div class=\"elementor-spacer-inner\"><\/div>\n\t\t<\/div>\n\t\t\t\t<\/div>\n\t\t\t\t<\/div>\n\t\t\t\t<div class=\"elementor-element elementor-element-739f1ad elementor-widget elementor-widget-image\" data-id=\"739f1ad\" data-element_type=\"widget\" data-widget_type=\"image.default\">\n\t\t\t\t<div class=\"elementor-widget-container\">\n\t\t\t\t\t\t\t\t\t\t\t\t\t\t\t<img width=\"289\" height=\"438\" src=\"https:\/\/didom-renova.ch\/wp-content\/uploads\/2021\/02\/mo.jpg\" class=\"attachment-large size-large\" alt=\"\" loading=\"lazy\" srcset=\"https:\/\/didom-renova.ch\/wp-content\/uploads\/2021\/02\/mo.jpg 289w, https:\/\/didom-renova.ch\/wp-content\/uploads\/2021\/02\/mo-198x300.jpg 198w\" sizes=\"(max-width: 289px) 100vw, 289px\" \/>\t\t\t\t\t\t\t\t\t\t\t\t\t\t\t<\/div>\n\t\t\t\t<\/div>\n\t\t\t\t<div class=\"elementor-element elementor-element-68adde7 elementor-widget elementor-widget-spacer\" data-id=\"68adde7\" data-element_type=\"widget\" data-widget_type=\"spacer.default\">\n\t\t\t\t<div class=\"elementor-widget-container\">\n\t\t\t\t\t<div class=\"elementor-spacer\">\n\t\t\t<div class=\"elementor-spacer-inner\"><\/div>\n\t\t<\/div>\n\t\t\t\t<\/div>\n\t\t\t\t<\/div>\n\t\t\t\t\t<\/div>\n\t\t<\/div>\n\t\t\t\t<div class=\"elementor-column elementor-col-50 elementor-top-column elementor-element elementor-element-324f2c9\" data-id=\"324f2c9\" data-element_type=\"column\">\n\t\t\t<div class=\"elementor-widget-wrap elementor-element-populated\">\n\t\t\t\t\t\t\t\t<div class=\"elementor-element elementor-element-ad90d35 elementor-widget elementor-widget-spacer\" data-id=\"ad90d35\" data-element_type=\"widget\" data-widget_type=\"spacer.default\">\n\t\t\t\t<div class=\"elementor-widget-container\">\n\t\t\t\t\t<div class=\"elementor-spacer\">\n\t\t\t<div class=\"elementor-spacer-inner\"><\/div>\n\t\t<\/div>\n\t\t\t\t<\/div>\n\t\t\t\t<\/div>\n\t\t\t\t<div class=\"elementor-element elementor-element-b18c782 elementor-widget elementor-widget-text-editor\" data-id=\"b18c782\" data-element_type=\"widget\" data-widget_type=\"text-editor.default\">\n\t\t\t\t<div class=\"elementor-widget-container\">\n\t\t\t\t\t\t\t<h2><strong><span style=\"color: #000000;\">Miguel De Oliveira<\/span><\/strong><\/h2>\n<p>Gesch\u00e4ftsf\u00fchrer<\/p>\n<p>Gerne stehe ich Ihnen f\u00fcr Fragen zur Verf\u00fcgung.<\/p>\n<p><strong>E-mail:<\/strong> m.oliveira@didom-renova.ch<\/p>\n<p><strong>Telefon:<\/strong> 061 599 81 87<\/p>\n<p><strong>Mobil:<\/strong> 078 825 96 64<\/p>\t\t\t\t\t\t<\/div>\n\t\t\t\t<\/div>\n\t\t\t\t<div class=\"elementor-element elementor-element-b45ff97 elementor-widget elementor-widget-spacer\" data-id=\"b45ff97\" data-element_type=\"widget\" data-widget_type=\"spacer.default\">\n\t\t\t\t<div class=\"elementor-widget-container\">\n\t\t\t\t\t<div class=\"elementor-spacer\">\n\t\t\t<div class=\"elementor-spacer-inner\"><\/div>\n\t\t<\/div>\n\t\t\t\t<\/div>\n\t\t\t\t<\/div>\n\t\t\t\t\t<\/div>\n\t\t<\/div>\n\t\t\t\t\t\t\t<\/div>\n\t\t<\/section>\n\t\t\t\t\t\t<\/div>\n\t\t\t\t\t<\/div>\n\t\t","protected":false},"excerpt":{"rendered":"<p>DiDom Umbau &amp; Renovation Ob Umbau oder Sanierung. Manchmal bewirken schon kleine Ver\u00e4nderungen Grosses.Wir holen auch auf kleinstem Raum das Beste raus. Sehen Sie eineUmgestaltung Ihres Zuhauses als eine Chance f\u00fcr eine neue Wohlf\u00fchlzone. \u00a0 Mit unserer pers\u00f6nlichen, flexiblen und kreativen Art finden wir die passende L\u00f6sung f\u00fcr Ihrem Budget. \u00a0 Miguel De Oliveira Gesch\u00e4ftsf\u00fchrer&hellip;&nbsp;<a href=\"https:\/\/didom-renova.ch\/index.php\/didom-renova-2\/\" class=\"\" rel=\"bookmark\">Weiterlesen &raquo;<span class=\"screen-reader-text\">DiDom Renova<\/span><\/a><\/p>\n","protected":false},"author":1,"featured_media":0,"parent":0,"menu_order":0,"comment_status":"closed","ping_status":"open","template":"","meta":{"neve_meta_sidebar":"default","neve_meta_container":"default","neve_meta_enable_content_width":"on","neve_meta_content_width":100,"neve_meta_title_alignment":"","neve_meta_author_avatar":"","neve_post_elements_order":"","neve_meta_disable_header":"","neve_meta_disable_footer":"","neve_meta_disable_title":"on","_ti_tpc_template_sync":false,"_ti_tpc_template_id":"0qhau2t6eoekosrgo1a2"},"_links":{"self":[{"href":"https:\/\/didom-renova.ch\/index.php\/wp-json\/wp\/v2\/pages\/403"}],"collection":[{"href":"https:\/\/didom-renova.ch\/index.php\/wp-json\/wp\/v2\/pages"}],"about":[{"href":"https:\/\/didom-renova.ch\/index.php\/wp-json\/wp\/v2\/types\/page"}],"author":[{"embeddable":true,"href":"https:\/\/didom-renova.ch\/index.php\/wp-json\/wp\/v2\/users\/1"}],"replies":[{"embeddable":true,"href":"https:\/\/didom-renova.ch\/index.php\/wp-json\/wp\/v2\/comments?post=403"}],"version-history":[{"count":12,"href":"https:\/\/didom-renova.ch\/index.php\/wp-json\/wp\/v2\/pages\/403\/revisions"}],"predecessor-version":[{"id":553,"href":"https:\/\/didom-renova.ch\/index.php\/wp-json\/wp\/v2\/pages\/403\/revisions\/553"}],"wp:attachment":[{"href":"https:\/\/didom-renova.ch\/index.php\/wp-json\/wp\/v2\/media?parent=403"}],"curies":[{"name":"wp","href":"https:\/\/api.w.org\/{rel}","templated":true}]}}